{"id":558,"date":"2021-07-28T12:44:15","date_gmt":"2021-07-28T12:44:15","guid":{"rendered":"https:\/\/beta.bohemproduction.com\/?page_id=558"},"modified":"2024-04-25T14:15:55","modified_gmt":"2024-04-25T12:15:55","slug":"privacy-policy","status":"publish","type":"page","link":"https:\/\/vintagesex.cz\/cs\/home\/privacy-policy\/","title":{"rendered":"Z\u00c1SADY OCHRANY OSOBN\u00cdCH \u00daDAJ\u016e"},"content":{"rendered":"<div data-elementor-type=\"wp-page\" data-elementor-id=\"558\" class=\"elementor elementor-558\" data-elementor-post-type=\"page\">\n\t\t\t\t\t\t<section class=\"elementor-section elementor-top-section elementor-element elementor-element-43738df7 elementor-section-boxed elementor-section-height-default elementor-section-height-default\" data-id=\"43738df7\" data-element_type=\"section\" data-e-type=\"section\">\n\t\t\t\t\t\t<div class=\"elementor-container elementor-column-gap-default\">\n\t\t\t\t\t<div class=\"elementor-column elementor-col-100 elementor-top-column elementor-element elementor-element-6573befd\" data-id=\"6573befd\" data-element_type=\"column\" data-e-type=\"column\">\n\t\t\t<div class=\"elementor-widget-wrap elementor-element-populated\">\n\t\t\t\t\t\t<div class=\"elementor-element elementor-element-e4800a8 elementor-widget elementor-widget-spacer\" data-id=\"e4800a8\" data-element_type=\"widget\" data-e-type=\"widget\" data-widget_type=\"spacer.default\">\n\t\t\t\t\t\t\t<div class=\"elementor-spacer\">\n\t\t\t<div class=\"elementor-spacer-inner\"><\/div>\n\t\t<\/div>\n\t\t\t\t\t\t<\/div>\n\t\t\t\t<div class=\"elementor-element elementor-element-adef96b elementor-widget elementor-widget-heading\" data-id=\"adef96b\" data-element_type=\"widget\" data-e-type=\"widget\" data-widget_type=\"heading.default\">\n\t\t\t\t\t<h2 class=\"elementor-heading-title elementor-size-default\">Z\u00e1sady ochrany osobn\u00edch \u00fadaj\u016f<\/h2>\t\t\t\t<\/div>\n\t\t\t\t<div class=\"elementor-element elementor-element-5283e6cb elementor-widget elementor-widget-text-editor\" data-id=\"5283e6cb\" data-element_type=\"widget\" data-e-type=\"widget\" data-widget_type=\"text-editor.default\">\n\t\t\t\t\t\t\t\t\t<p>Spr\u00e1vcem a zpracovatelem osobn\u00edch \u00fadaj\u016f podle \u010dl. 4 odst. 7 na\u0159\u00edzen\u00ed Evropsk\u00e9ho parlamentu a Rady (EU) 2016\/679 o ochran\u011b fyzick\u00fdch osob v souvislosti se zpracov\u00e1n\u00edm osobn\u00edch \u00fadaj\u016f a o voln\u00e9m pohybu t\u011bchto \u00fadaj\u016f (d\u00e1le jen \"GDPR\") je spole\u010dnost Bohem production s.r.o., I\u010c 60491337, Praha 4, K Safin\u011b 659, PS\u010c 149 00, zapsan\u00e1 v obchodn\u00edm rejst\u0159\u00edku veden\u00e9m M\u011bstsk\u00fdm soudem v Praze, odd\u00edl C, vlo\u017eka 27667, jednaj\u00edc\u00ed jednatelkou Ivanou Matteiovou (d\u00e1le jen: \"Spr\u00e1vce\").<\/p>\n\n<p>Kontaktn\u00ed \u00fadaje spr\u00e1vce jsou n\u00e1sleduj\u00edc\u00ed: Adresa: K Safin\u011b 659, Praha 4, 149 00 e-mail: ivanamattei@seznam.cz tel: +420 602 310 251<\/p>\n\n<p>Osobn\u00edm \u00fadajem se rozum\u00ed jak\u00e1koli informace o identifikovan\u00e9 nebo identifikovateln\u00e9 fyzick\u00e9 osob\u011b; identifikovateln\u00e1 fyzick\u00e1 osoba je fyzick\u00e1 osoba, kterou lze p\u0159\u00edmo \u010di nep\u0159\u00edmo identifikovat, zejm\u00e9na odkazem na ur\u010dit\u00fd identifik\u00e1tor, nap\u0159\u00edklad jm\u00e9no, identifika\u010dn\u00ed \u010d\u00edslo, loka\u010dn\u00ed \u00fadaje, s\u00ed\u0165ov\u00fd identifik\u00e1tor, nebo na jeden \u010di v\u00edce zvl\u00e1\u0161tn\u00edch prvk\u016f fyzick\u00e9, fyziologick\u00e9, genetick\u00e9, psychick\u00e9, ekonomick\u00e9, kulturn\u00ed nebo spole\u010densk\u00e9 identity t\u00e9to fyzick\u00e9 osoby.<\/p>\n\n<p>Spr\u00e1vce jmenoval pov\u011b\u0159ence pro ochranu osobn\u00edch \u00fadaj\u016f. Kontaktn\u00ed \u00fadaje pov\u011b\u0159ence pro ochranu osobn\u00edch \u00fadaj\u016f jsou: Ivana Matteiov\u00e1<\/p>\n\n<p>II.<\/p>\n\n<p>Zdroje a kategorie zpracov\u00e1van\u00fdch osobn\u00edch \u00fadaj\u016f<\/p>\n\n<p>Spr\u00e1vce zpracov\u00e1v\u00e1 osobn\u00ed \u00fadaje, kter\u00e9 jste mu poskytli, nebo osobn\u00ed \u00fadaje, kter\u00e9 spr\u00e1vce z\u00edskal v d\u016fsledku vy\u0159\u00edzen\u00ed va\u0161\u00ed objedn\u00e1vky.<\/p>\n\n<p>Spr\u00e1vce zpracov\u00e1v\u00e1 va\u0161e identifika\u010dn\u00ed, kontaktn\u00ed a smluvn\u00ed \u00fadaje.<\/p>\n\n<p>III.<\/p>\n\n<p>Pr\u00e1vn\u00ed z\u00e1klad a \u00fa\u010del zpracov\u00e1n\u00ed osobn\u00edch \u00fadaj\u016f<\/p>\n\n<p>Z\u00e1konn\u00fdm z\u00e1kladem a \u00fa\u010delem zpracov\u00e1n\u00ed osobn\u00edch \u00fadaj\u016f je pln\u011bn\u00ed smlouvy mezi V\u00e1mi a spr\u00e1vcem podle \u010dl. 6 odst. 1 p\u00edsm. b) GDPR, vytvo\u0159en\u00ed profilu subjektu \u00fadaj\u016f a veden\u00ed tohoto profilu subjektu \u00fadaj\u016f v datab\u00e1zi spr\u00e1vce za \u00fa\u010delem p\u0159edkl\u00e1d\u00e1n\u00ed vhodn\u00fdch nab\u00eddek na \u00fa\u010dinkov\u00e1n\u00ed subjektu \u00fadaj\u016f v audiovizu\u00e1ln\u00edch d\u00edlech a uzav\u00edr\u00e1n\u00ed p\u0159\u00edpadn\u00fdch smluv o \u00fa\u010dinkov\u00e1n\u00ed subjektu \u00fadaj\u016f v audiovizu\u00e1ln\u00edch d\u00edlech mezi subjektem \u00fadaj\u016f a spr\u00e1vcem, d\u00e1le, za \u00fa\u010delem nab\u00edzen\u00ed subjektu \u00fadaj\u016f klient\u016fm nebo potenci\u00e1ln\u00edm klient\u016fm spr\u00e1vce podle subjektu \u00fadaj\u016f zvolen\u00e9 kategorie evidovan\u00fdch osob (herec, komparzista, fotomodel nebo hlas) podle \u010dl. 6 odst. 1 p\u00edsm. a) GDPR, opr\u00e1vn\u011bn\u00fd z\u00e1jem spr\u00e1vce na poskytov\u00e1n\u00ed p\u0159\u00edm\u00e9ho marketingu (zejm\u00e9na pro zas\u00edl\u00e1n\u00ed obchodn\u00edch sd\u011blen\u00ed a newsletter\u016f) podle \u010dl. 6 odst. 1 p\u00edsm. f) GDPR, v\u00e1\u0161 souhlas se zpracov\u00e1n\u00edm pro \u00fa\u010dely poskytov\u00e1n\u00ed p\u0159\u00edm\u00e9ho marketingu (zejm\u00e9na pro zas\u00edl\u00e1n\u00ed obchodn\u00edch sd\u011blen\u00ed a newsletter\u016f) podle \u010dl. 6 odst. 1 p\u00edsm. a) GDPR ve spojen\u00ed s \u00a7 7 odst. 2 z\u00e1kona \u010d. 101\/2000 Sb. 480\/2004 Sb, o n\u011bkter\u00fdch slu\u017eb\u00e1ch informa\u010dn\u00ed spole\u010dnosti, v p\u0159\u00edpad\u011b, \u017ee nedojde k objedn\u00e1n\u00ed zbo\u017e\u00ed nebo slu\u017eeb.<\/p>\n\n<p>IV.<\/p>\n\n<p>Doba uchov\u00e1v\u00e1n\u00ed \u00fadaj\u016f<\/p>\n\n<p>Spr\u00e1vce uchov\u00e1v\u00e1 osobn\u00ed \u00fadaje po dobu nezbytnou k v\u00fdkonu pr\u00e1v a povinnost\u00ed vypl\u00fdvaj\u00edc\u00edch ze smluvn\u00edho vztahu mezi v\u00e1mi a spr\u00e1vcem a k uplatn\u011bn\u00ed n\u00e1rok\u016f z tohoto smluvn\u00edho vztahu (po dobu 15 let od ukon\u010den\u00ed smluvn\u00edho vztahu), a to po dobu do odvol\u00e1n\u00ed souhlasu se zpracov\u00e1n\u00edm osobn\u00edch \u00fadaj\u016f pro marketingov\u00e9 \u00fa\u010dely, nejd\u00e9le v\u0161ak 10 let, pokud jsou osobn\u00ed \u00fadaje zpracov\u00e1v\u00e1ny na z\u00e1klad\u011b souhlasu.<\/p>\n\n<p>Po uplynut\u00ed doby uchov\u00e1v\u00e1n\u00ed spr\u00e1vce osobn\u00ed \u00fadaje vyma\u017ee.<\/p>\n\n<p>PROTI.<\/p>\n\n<p>P\u0159\u00edjemci osobn\u00edch \u00fadaj\u016f (subdodavatel\u00e9 spr\u00e1vce)<\/p>\n\n<p>P\u0159\u00edjemci osobn\u00edch \u00fadaj\u016f jsou n\u00e1sleduj\u00edc\u00ed osoby pod\u00edlej\u00edc\u00ed se na dod\u00e1vk\u00e1ch zbo\u017e\u00ed \/ slu\u017eeb \/ prov\u00e1d\u011bn\u00ed plateb podle smlouvy, osoby pod\u00edlej\u00edc\u00ed se na provozu slu\u017eeb, pod\u00edlej\u00edc\u00ed se na v\u00fdrob\u011b audiovizu\u00e1ln\u00edch d\u011bl, poskytuj\u00edc\u00ed marketingov\u00e9 slu\u017eby.<\/p>\n\n<p>Spr\u00e1vce m\u00e1 v \u00famyslu p\u0159edat osobn\u00ed \u00fadaje do t\u0159et\u00ed zem\u011b (zem\u011b mimo EU) nebo mezin\u00e1rodn\u00ed organizaci. P\u0159\u00edjemci osobn\u00edch \u00fadaj\u016f ve t\u0159et\u00edch zem\u00edch jsou poskytovatel\u00e9 po\u0161tovn\u00edch slu\u017eeb \/ cloudov\u00fdch slu\u017eeb.<\/p>\n\n<p>VI.<\/p>\n\n<p>Va\u0161e pr\u00e1va<\/p>\n\n<p>Za podm\u00ednek stanoven\u00fdch v GDPR m\u00e1te mo\u017enost<\/p>\n\n<p>Pr\u00e1vo na p\u0159\u00edstup k va\u0161im osobn\u00edm \u00fadaj\u016fm podle \u010dl\u00e1nku 15 GDPR,<\/p>\n\n<p>Pr\u00e1vo na opravu va\u0161ich osobn\u00edch \u00fadaj\u016f podle \u010dl\u00e1nku 16 GDPR nebo na omezen\u00ed zpracov\u00e1n\u00ed podle \u010dl\u00e1nku 18 GDPR.<\/p>\n\n<p>Pr\u00e1vo na v\u00fdmaz osobn\u00edch \u00fadaj\u016f podle \u010dl\u00e1nku 17 GDPR.<\/p>\n\n<p>Pr\u00e1vo vzn\u00e9st n\u00e1mitku proti zpracov\u00e1n\u00ed podle \u010dl\u00e1nku 21 GDPR;<\/p>\n\n<p>Pr\u00e1vo na p\u0159enositelnost \u00fadaj\u016f podle \u010dl\u00e1nku 20 GDPR.<\/p>\n\n<p>Pr\u00e1vo odvolat souhlas se zpracov\u00e1n\u00edm p\u00edsemn\u011b nebo elektronicky na adresu nebo e-mail spr\u00e1vce uveden\u00fd v \u010dl\u00e1nku III t\u011bchto podm\u00ednek.<\/p>\n\n<p>M\u00e1te tak\u00e9 pr\u00e1vo podat st\u00ed\u017enost u \u00da\u0159adu pro ochranu osobn\u00edch \u00fadaj\u016f, pokud se domn\u00edv\u00e1te, \u017ee byla poru\u0161ena va\u0161e pr\u00e1va na ochranu osobn\u00edch \u00fadaj\u016f.<\/p>\n\n<p>VII.<\/p>\n\n<p>Podm\u00ednky zabezpe\u010den\u00ed osobn\u00edch \u00fadaj\u016f<\/p>\n\n<p>Spr\u00e1vce prohla\u0161uje, \u017ee p\u0159ijal ve\u0161ker\u00e1 vhodn\u00e1 technick\u00e1 a organiza\u010dn\u00ed opat\u0159en\u00ed k zabezpe\u010den\u00ed osobn\u00edch \u00fadaj\u016f. Ve\u0161ker\u00e1 komunikace mezi servery je \u0161ifrov\u00e1na a zabezpe\u010dena virtu\u00e1ln\u00ed priv\u00e1tn\u00ed s\u00edt\u00ed.<\/p>\n\n<p>Spr\u00e1vce p\u0159ijal technick\u00e1 opat\u0159en\u00ed k zabezpe\u010den\u00ed ukl\u00e1d\u00e1n\u00ed dat a uchov\u00e1v\u00e1n\u00ed osobn\u00edch \u00fadaj\u016f v pap\u00edrov\u00e9 podob\u011b. P\u0159\u00edstup k osobn\u00edm \u00fadaj\u016fm je mo\u017en\u00fd pouze prost\u0159ednictv\u00edm zabezpe\u010den\u00e9ho p\u0159ihl\u00e1\u0161en\u00ed.<\/p>\n\n<p>Spr\u00e1vce prohla\u0161uje, \u017ee k osobn\u00edm \u00fadaj\u016fm maj\u00ed p\u0159\u00edstup pouze j\u00edm pov\u011b\u0159en\u00e9 osoby.<\/p>\n\n<p>VIII.<\/p>\n\n<p>Z\u00e1v\u011bre\u010dn\u00e1 ustanoven\u00ed<\/p>\n\n<p>Spr\u00e1vce nakl\u00e1d\u00e1 s osobn\u00edmi \u00fadaji v souladu s platn\u00fdmi pr\u00e1vn\u00edmi p\u0159edpisy a chr\u00e1n\u00ed je v maxim\u00e1ln\u00ed mo\u017en\u00e9 m\u00ed\u0159e.<\/p>\n\n<p>Podpisem souhlasu se zpracov\u00e1n\u00edm osobn\u00edch \u00fadaj\u016f subjekt \u00fadaj\u016f potvrzuje, \u017ee se sezn\u00e1mil s podm\u00ednkami ochrany osobn\u00edch \u00fadaj\u016f a v pln\u00e9m rozsahu je p\u0159ij\u00edm\u00e1.<\/p>\n\n<p>Spr\u00e1vce je opr\u00e1vn\u011bn tyto podm\u00ednky zm\u011bnit. Novou verzi z\u00e1sad ochrany osobn\u00edch \u00fadaj\u016f zve\u0159ejn\u00ed na sv\u00fdch internetov\u00fdch str\u00e1nk\u00e1ch nebo p\u0159\u00edpadn\u011b za\u0161le novou verzi z\u00e1sad ochrany osobn\u00edch \u00fadaj\u016f na e-mailovou adresu, kterou subjekt \u00fadaj\u016f spr\u00e1vci poskytl.<\/p>\n\n<p>Tyto podm\u00ednky nab\u00fdvaj\u00ed \u00fa\u010dinnosti dnem 1. 1. 2021.<\/p>\n<h6><\/h6>\t\t\t\t\t\t\t\t<\/div>\n\t\t\t\t\t<\/div>\n\t\t<\/div>\n\t\t\t\t\t<\/div>\n\t\t<\/section>\n\t\t<div class=\"elementor-element elementor-element-58a6a13 e-flex e-con-boxed e-con e-parent\" data-id=\"58a6a13\" data-element_type=\"container\" data-e-type=\"container\">\n\t\t\t\t\t<div class=\"e-con-inner\">\n\t\t\t\t<div class=\"elementor-element elementor-element-a23ac7f elementor-widget__width-inherit elementor-widget elementor-widget-spacer\" data-id=\"a23ac7f\" data-element_type=\"widget\" data-e-type=\"widget\" data-widget_type=\"spacer.default\">\n\t\t\t\t\t\t\t<div class=\"elementor-spacer\">\n\t\t\t<div class=\"elementor-spacer-inner\"><\/div>\n\t\t<\/div>\n\t\t\t\t\t\t<\/div>\n\t\t\t\t\t<\/div>\n\t\t\t\t<\/div>\n\t\t<div class=\"elementor-element elementor-element-82f0f44 e-flex e-con-boxed e-con e-parent\" data-id=\"82f0f44\" data-element_type=\"container\" data-e-type=\"container\">\n\t\t\t\t\t<div class=\"e-con-inner\">\n\t\t\t\t<div class=\"elementor-element elementor-element-3bfb7c1 elementor-button-danger elementor-align-center elementor-mobile-align-center elementor-widget elementor-widget-button\" data-id=\"3bfb7c1\" data-element_type=\"widget\" data-e-type=\"widget\" data-widget_type=\"button.default\">\n\t\t\t\t\t\t\t\t\t\t<a class=\"elementor-button elementor-button-link elementor-size-sm\" href=\"#\">\n\t\t\t\t\t\t<span class=\"elementor-button-content-wrapper\">\n\t\t\t\t\t\t<span class=\"elementor-button-icon\">\n\t\t\t\t<svg aria-hidden=\"true\" class=\"e-font-icon-svg e-far-caret-square-up\" viewbox=\"0 0 448 512\" xmlns=\"http:\/\/www.w3.org\/2000\/svg\"><path d=\"M322.9 304H125.1c-10.7 0-16.1-13-8.5-20.5l98.9-98.3c4.7-4.7 12.2-4.7 16.9 0l98.9 98.3c7.7 7.5 2.3 20.5-8.4 20.5zM448 80v352c0 26.5-21.5 48-48 48H48c-26.5 0-48-21.5-48-48V80c0-26.5 21.5-48 48-48h352c26.5 0 48 21.5 48 48zm-48 346V86c0-3.3-2.7-6-6-6H54c-3.3 0-6 2.7-6 6v340c0 3.3 2.7 6 6 6h340c3.3 0 6-2.7 6-6z\"><\/path><\/svg>\t\t\t<\/span>\n\t\t\t\t\t\t\t\t\t<span class=\"elementor-button-text\">Nahoru<\/span>\n\t\t\t\t\t<\/span>\n\t\t\t\t\t<\/a>\n\t\t\t\t\t\t\t\t<\/div>\n\t\t\t\t\t<\/div>\n\t\t\t\t<\/div>\n\t\t\t\t<\/div>","protected":false},"excerpt":{"rendered":"<p>Privacy Policy The controller and processor of personal data pursuant to Article 4(7) of Regulation (EU) 2016\/679 of the European Parliament and of the Council on the protection of natural persons with regard to the processing of personal data and on the free movement of such data (hereinafter: &#8220;GDPR&#8221;) is Bohem production s.r.o., ID No. [&hellip;]<\/p>\n","protected":false},"author":454,"featured_media":0,"parent":36,"menu_order":0,"comment_status":"closed","ping_status":"closed","template":"elementor_header_footer","meta":{"jetpack_post_was_ever_published":false,"footnotes":""},"class_list":["post-558","page","type-page","status-publish","hentry"],"jetpack_shortlink":"https:\/\/wp.me\/PcNDQq-90","jetpack_sharing_enabled":true,"_links":{"self":[{"href":"https:\/\/vintagesex.cz\/cs\/wp-json\/wp\/v2\/pages\/558","targetHints":{"allow":["GET"]}}],"collection":[{"href":"https:\/\/vintagesex.cz\/cs\/wp-json\/wp\/v2\/pages"}],"about":[{"href":"https:\/\/vintagesex.cz\/cs\/wp-json\/wp\/v2\/types\/page"}],"author":[{"embeddable":true,"href":"https:\/\/vintagesex.cz\/cs\/wp-json\/wp\/v2\/users\/454"}],"replies":[{"embeddable":true,"href":"https:\/\/vintagesex.cz\/cs\/wp-json\/wp\/v2\/comments?post=558"}],"version-history":[{"count":1,"href":"https:\/\/vintagesex.cz\/cs\/wp-json\/wp\/v2\/pages\/558\/revisions"}],"predecessor-version":[{"id":30049,"href":"https:\/\/vintagesex.cz\/cs\/wp-json\/wp\/v2\/pages\/558\/revisions\/30049"}],"up":[{"embeddable":true,"href":"https:\/\/vintagesex.cz\/cs\/wp-json\/wp\/v2\/pages\/36"}],"wp:attachment":[{"href":"https:\/\/vintagesex.cz\/cs\/wp-json\/wp\/v2\/media?parent=558"}],"curies":[{"name":"wp","href":"https:\/\/api.w.org\/{rel}","templated":true}]}}