{"id":2143,"date":"2021-10-10T01:19:08","date_gmt":"2021-10-10T01:19:08","guid":{"rendered":"https:\/\/beta.bohemproduction.com\/?page_id=2143"},"modified":"2025-07-06T18:18:39","modified_gmt":"2025-07-06T16:18:39","slug":"contact-us","status":"publish","type":"page","link":"https:\/\/vintagesex.cz\/cs\/home\/contact-us\/","title":{"rendered":"KONTAKTUJTE N\u00c1S"},"content":{"rendered":"<div data-elementor-type=\"wp-page\" data-elementor-id=\"2143\" class=\"elementor elementor-2143\" data-elementor-post-type=\"page\">\n\t\t\t\t<div class=\"elementor-element elementor-element-57a4f00 e-flex e-con-boxed e-con e-parent\" data-id=\"57a4f00\" data-element_type=\"container\" data-e-type=\"container\">\n\t\t\t\t\t<div class=\"e-con-inner\">\n\t\t<div class=\"elementor-element elementor-element-a9b372b e-con-full e-flex e-con e-child\" data-id=\"a9b372b\" data-element_type=\"container\" data-e-type=\"container\">\n\t\t\t\t<div class=\"elementor-element elementor-element-1ca197b elementor-position-top elementor-widget elementor-widget-image-box\" data-id=\"1ca197b\" data-element_type=\"widget\" data-e-type=\"widget\" data-widget_type=\"image-box.default\">\n\t\t\t\t\t<div class=\"elementor-image-box-wrapper\"><figure class=\"elementor-image-box-img\"><a href=\"https:\/\/vintagesex.cz\/\" tabindex=\"-1\"><img fetchpriority=\"high\" decoding=\"async\" width=\"768\" height=\"512\" src=\"https:\/\/vintagesex.cz\/wp-content\/uploads\/2021\/09\/IMG_3208-768x512.jpg\" class=\"elementor-animation-bounce-out attachment-medium_large size-medium_large wp-image-1905\" alt=\"\" title=\"\" srcset=\"https:\/\/vintagesex.cz\/wp-content\/uploads\/2021\/09\/IMG_3208-768x512.jpg 768w, https:\/\/vintagesex.cz\/wp-content\/uploads\/2021\/09\/IMG_3208-300x200.jpg 300w, https:\/\/vintagesex.cz\/wp-content\/uploads\/2021\/09\/IMG_3208-1024x682.jpg 1024w, https:\/\/vintagesex.cz\/wp-content\/uploads\/2021\/09\/IMG_3208-1536x1024.jpg 1536w, https:\/\/vintagesex.cz\/wp-content\/uploads\/2021\/09\/IMG_3208-1200x800.jpg 1200w, https:\/\/vintagesex.cz\/wp-content\/uploads\/2021\/09\/IMG_3208-525x350.jpg 525w, https:\/\/vintagesex.cz\/wp-content\/uploads\/2021\/09\/IMG_3208-150x100.jpg 150w, https:\/\/vintagesex.cz\/wp-content\/uploads\/2021\/09\/IMG_3208-90x60.jpg 90w, https:\/\/vintagesex.cz\/wp-content\/uploads\/2021\/09\/IMG_3208-135x90.jpg 135w, https:\/\/vintagesex.cz\/wp-content\/uploads\/2021\/09\/IMG_3208-600x400.jpg 600w, https:\/\/vintagesex.cz\/wp-content\/uploads\/2021\/09\/IMG_3208.jpg 1748w\" sizes=\"(max-width: 768px) 100vw, 768px\" \/><\/a><\/figure><div class=\"elementor-image-box-content\"><h1 class=\"elementor-image-box-title\"><a href=\"https:\/\/vintagesex.cz\/\">M\u016e\u017dEME V\u00c1M POMOCI S N\u00c1SLEDUJ\u00cdC\u00cdMI V\u011aCMI:<\/a><\/h1><\/div><\/div>\t\t\t\t<\/div>\n\t\t\t\t<div class=\"elementor-element elementor-element-daa8ced elementor-widget elementor-widget-text-editor\" data-id=\"daa8ced\" data-element_type=\"widget\" data-e-type=\"widget\" data-widget_type=\"text-editor.default\">\n\t\t\t\t\t\t\t\t\t<ul><li><p>POSKYTOVAT PODROBN\u00c9 INFORMACE T\u00ddKAJ\u00cdC\u00cd SE STAVU VA\u0160EHO \u010cLENSTV\u00cd.<\/p><\/li><li><p>POTVR\u010eTE PODROBNOSTI TRANSAKCE, KDY\u017d POPIS VE VA\u0160EM PROHL\u00c1\u0160EN\u00cd NEODPOV\u00cdD\u00c1 N\u00c1ZVU PRODUKTU, KTER\u00dd JSTE NED\u00c1VNO ZAKOUPILI.<\/p><\/li><li><p>POSKYTNOUT V\u00c1M ODBORN\u00c9 PORADENSTV\u00cd V P\u0158\u00cdPAD\u011a, \u017dE JSTE SE STALI OB\u011aT\u00cd PODVODU. POSKYTNOUT \u0158E\u0160EN\u00cd TECHNICK\u00ddCH PROBL\u00c9M\u016e, SE KTER\u00ddMI JSTE SE MOHLI SETKAT.<\/p><\/li><\/ul>\t\t\t\t\t\t\t\t<\/div>\n\t\t\t\t<div class=\"elementor-element elementor-element-560495e elementor-widget__width-initial elementor-widget elementor-widget-shortcode\" data-id=\"560495e\" data-element_type=\"widget\" data-e-type=\"widget\" data-widget_type=\"shortcode.default\">\n\t\t\t\t\t\t\t<div class=\"elementor-shortcode\"><div class=\"forminator-ui forminator-custom-form forminator-custom-form-16683 forminator-design--default  forminator_ajax\" data-forminator-render=\"0\" data-form=\"forminator-module-16683\" data-uid=\"69fb40219d23d\"><br\/><\/div><form\n\t\t\t\tid=\"forminator-module-16683\"\n\t\t\t\tclass=\"forminator-ui forminator-custom-form forminator-custom-form-16683 forminator-design--default  forminator_ajax\"\n\t\t\t\tmethod=\"post\"\n\t\t\t\tdata-forminator-render=\"0\"\n\t\t\t\tdata-form-id=\"16683\"\n\t\t\t\t data-color-option=\"theme\" data-design=\"default\" data-grid=\"open\" style=\"display: none;\"\n\t\t\t\tdata-uid=\"69fb40219d23d\" action=\"\"\n\t\t\t><div role=\"alert\" aria-live=\"polite\" class=\"forminator-response-message forminator-error\" aria-hidden=\"true\"><\/div><div class=\"forminator-row\"><div id=\"name-1\" class=\"forminator-field-name forminator-col forminator-col-12\"><div class=\"forminator-field\"><label for=\"forminator-field-name-1_69fb40219d23d\" id=\"forminator-field-name-1_69fb40219d23d-label\" class=\"forminator-label\">Prvn\u00ed jm\u00e9no <span class=\"forminator-required\">*<\/span><\/label><input type=\"text\" name=\"name-1\" value=\"\" placeholder=\"\" id=\"forminator-field-name-1_69fb40219d23d\" class=\"forminator-input forminator-name--field\" aria-required=\"true\" autocomplete=\"name\" \/><\/div><\/div><\/div><div class=\"forminator-row\"><div id=\"email-1\" class=\"forminator-field-email forminator-col forminator-col-12\"><div class=\"forminator-field\"><label for=\"forminator-field-email-1_69fb40219d23d\" id=\"forminator-field-email-1_69fb40219d23d-label\" class=\"forminator-label\">E-mailov\u00e1 adresa <span class=\"forminator-required\">*<\/span><\/label><input type=\"email\" name=\"email-1\" value=\"\" placeholder=\"\" id=\"forminator-field-email-1_69fb40219d23d\" class=\"forminator-input forminator-email--field\" data-required=\"true\" aria-required=\"true\" autocomplete=\"email\" \/><\/div><\/div><\/div><div class=\"forminator-row\"><div id=\"phone-1\" class=\"forminator-field-phone forminator-col forminator-col-12\"><div class=\"forminator-field\"><label for=\"forminator-field-phone-1_69fb40219d23d\" id=\"forminator-field-phone-1_69fb40219d23d-label\" class=\"forminator-label\">Telefonn\u00ed \u010d\u00edslo<\/label><input type=\"text\" name=\"phone-1\" value=\"\" placeholder=\"\" id=\"forminator-field-phone-1_69fb40219d23d\" class=\"forminator-input forminator-field--phone\" data-required=\"\" aria-required=\"false\" autocomplete=\"off\" \/><\/div><\/div><\/div><div class=\"forminator-row\"><div id=\"textarea-1\" class=\"forminator-field-textarea forminator-col forminator-col-12\"><div class=\"forminator-field\"><textarea name=\"textarea-1\" placeholder=\"Zadejte sv\u016fj vzkaz...\" id=\"forminator-field-textarea-1_69fb40219d23d\" class=\"forminator-textarea\" rows=\"6\" style=\"min-height:140px;\" maxlength=\"180\" ><\/textarea><span id=\"forminator-field-textarea-1_69fb40219d23d-description\" class=\"forminator-description\"><span data-limit=\"180\" data-type=\"characters\" data-editor=\"\">0 \/ 180<\/span><\/span><\/div><\/div><\/div><div class=\"forminator-row\"><div id=\"captcha-1\" class=\"forminator-field-captcha forminator-col forminator-col-12\"><div class=\"forminator-captcha-left forminator-hcaptcha\" data-theme=\"dark\"  data-sitekey=\"7bc17433-e5ab-47f4-93d1-4dd4b84de19a\" data-size=\"compact\"><\/div> <\/div><\/div><input type=\"hidden\" name=\"referer_url\" value=\"\" \/><div class=\"forminator-row forminator-row-last\"><div class=\"forminator-col\"><div class=\"forminator-field\"><button class=\"forminator-button forminator-button-submit\">Odeslat zpr\u00e1vu<\/button><\/div><\/div><\/div><input type=\"hidden\" id=\"forminator_nonce\" name=\"forminator_nonce\" value=\"5fe88d23b3\" \/><input type=\"hidden\" name=\"_wp_http_referer\" value=\"\/cs\/wp-json\/wp\/v2\/pages\/2143\" \/><input type=\"hidden\" name=\"form_id\" value=\"16683\"><input type=\"hidden\" name=\"page_id\" value=\"2143\"><input type=\"hidden\" name=\"form_type\" value=\"default\"><input type=\"hidden\" name=\"current_url\" value=\"https:\/\/vintagesex.cz\/cs\/home\/contact-us\/\"><input type=\"hidden\" name=\"render_id\" value=\"0\"><input type=\"hidden\" name=\"action\" value=\"forminator_submit_form_custom-forms\"><input type=\"hidden\" name=\"trp-form-language\" value=\"cs\"\/><\/form><\/div>\n\t\t\t\t\t\t<\/div>\n\t\t\t\t<\/div>\n\t\t\t\t\t<\/div>\n\t\t\t\t<\/div>\n\t\t\t\t<\/div>","protected":false},"excerpt":{"rendered":"<p>WE CAN HELP YOU WITH THE FOLLOWING: PROVIDE DETAILED INFORMATION RELATED TO THE STATUS OF YOUR MEMBERSHIP. CONFIRM DETAILS OF A TRANSACTION WHEN THE DESCRIPTION IN YOUR STATEMENT DOES NOT MATCH THE NAME\u00a0OF A PRODUCT YOU RECENTLY PURCHASED. PROVIDE YOU WITH PROFESSIONAL ADVICE IN THE EVENT YOU HAVE BEEN A VICTIM OF FRAUD. PROVIDE SOLUTIONS [&hellip;]<\/p>\n","protected":false},"author":454,"featured_media":0,"parent":36,"menu_order":0,"comment_status":"closed","ping_status":"closed","template":"elementor_header_footer","meta":{"jetpack_post_was_ever_published":false,"footnotes":""},"class_list":["post-2143","page","type-page","status-publish","hentry"],"jetpack_shortlink":"https:\/\/wp.me\/PcNDQq-yz","jetpack_sharing_enabled":true,"_links":{"self":[{"href":"https:\/\/vintagesex.cz\/cs\/wp-json\/wp\/v2\/pages\/2143","targetHints":{"allow":["GET"]}}],"collection":[{"href":"https:\/\/vintagesex.cz\/cs\/wp-json\/wp\/v2\/pages"}],"about":[{"href":"https:\/\/vintagesex.cz\/cs\/wp-json\/wp\/v2\/types\/page"}],"author":[{"embeddable":true,"href":"https:\/\/vintagesex.cz\/cs\/wp-json\/wp\/v2\/users\/454"}],"replies":[{"embeddable":true,"href":"https:\/\/vintagesex.cz\/cs\/wp-json\/wp\/v2\/comments?post=2143"}],"version-history":[{"count":2,"href":"https:\/\/vintagesex.cz\/cs\/wp-json\/wp\/v2\/pages\/2143\/revisions"}],"predecessor-version":[{"id":30672,"href":"https:\/\/vintagesex.cz\/cs\/wp-json\/wp\/v2\/pages\/2143\/revisions\/30672"}],"up":[{"embeddable":true,"href":"https:\/\/vintagesex.cz\/cs\/wp-json\/wp\/v2\/pages\/36"}],"wp:attachment":[{"href":"https:\/\/vintagesex.cz\/cs\/wp-json\/wp\/v2\/media?parent=2143"}],"curies":[{"name":"wp","href":"https:\/\/api.w.org\/{rel}","templated":true}]}}