{"id":18014,"date":"2023-07-11T15:51:11","date_gmt":"2023-07-11T13:51:11","guid":{"rendered":"https:\/\/bohem.cz\/?page_id=18014"},"modified":"2025-01-08T12:20:07","modified_gmt":"2025-01-08T11:20:07","slug":"anal-mission","status":"publish","type":"page","link":"https:\/\/vintagesex.cz\/cs\/home\/series\/anal-mission\/","title":{"rendered":"Anal Mission"},"content":{"rendered":"<div data-elementor-type=\"wp-page\" data-elementor-id=\"18014\" class=\"elementor elementor-18014\" data-elementor-post-type=\"page\">\n\t\t\t\t<div class=\"elementor-element elementor-element-15e50819 e-flex e-con-boxed e-con e-parent\" data-id=\"15e50819\" data-element_type=\"container\" data-e-type=\"container\" data-settings=\"{&quot;background_background&quot;:&quot;classic&quot;}\">\n\t\t\t\t\t<div class=\"e-con-inner\">\n\t\t\t\t<div class=\"elementor-element elementor-element-9b6e620 elementor-widget elementor-widget-spacer\" data-id=\"9b6e620\" data-element_type=\"widget\" data-e-type=\"widget\" data-widget_type=\"spacer.default\">\n\t\t\t\t\t\t\t<div class=\"elementor-spacer\">\n\t\t\t<div class=\"elementor-spacer-inner\"><\/div>\n\t\t<\/div>\n\t\t\t\t\t\t<\/div>\n\t\t\t\t<div class=\"elementor-element elementor-element-516586d4 elementor-posts--align-center elementor-grid-3 elementor-grid-tablet-2 elementor-grid-mobile-1 elementor-posts--thumbnail-top elementor-posts__hover-gradient elementor-widget elementor-widget-posts\" data-id=\"516586d4\" data-element_type=\"widget\" data-e-type=\"widget\" data-settings=\"{&quot;cards_row_gap&quot;:{&quot;unit&quot;:&quot;px&quot;,&quot;size&quot;:0,&quot;sizes&quot;:[]},&quot;cards_columns&quot;:&quot;3&quot;,&quot;cards_columns_tablet&quot;:&quot;2&quot;,&quot;cards_columns_mobile&quot;:&quot;1&quot;,&quot;cards_row_gap_widescreen&quot;:{&quot;unit&quot;:&quot;px&quot;,&quot;size&quot;:&quot;&quot;,&quot;sizes&quot;:[]},&quot;cards_row_gap_laptop&quot;:{&quot;unit&quot;:&quot;px&quot;,&quot;size&quot;:&quot;&quot;,&quot;sizes&quot;:[]},&quot;cards_row_gap_tablet_extra&quot;:{&quot;unit&quot;:&quot;px&quot;,&quot;size&quot;:&quot;&quot;,&quot;sizes&quot;:[]},&quot;cards_row_gap_tablet&quot;:{&quot;unit&quot;:&quot;px&quot;,&quot;size&quot;:&quot;&quot;,&quot;sizes&quot;:[]},&quot;cards_row_gap_mobile&quot;:{&quot;unit&quot;:&quot;px&quot;,&quot;size&quot;:&quot;&quot;,&quot;sizes&quot;:[]}}\" data-widget_type=\"posts.cards\">\n\t\t\t\t<div class=\"elementor-widget-container\">\n\t\t\t\t\t\t\t<div class=\"elementor-posts-container elementor-posts elementor-posts--skin-cards elementor-grid\">\n\t\t\t\t<article class=\"elementor-post elementor-grid-item post-5825 post type-post status-publish format-standard has-post-thumbnail hentry category-kristine-cristalys category-anastasia-devine category-cynthia-vellons category-hd-porn category-kamil-klein category-klarisa-leone category-martin-gun category-neeo category-serie category-tarzan tag-anastasia-devine tag-bella-morgan tag-cynthia-vellons tag-kamil-klein tag-klarissa-leone tag-kristine-crystalis tag-martin-gun tag-neeo tag-nikky-sweet tag-tarzan\">\n\t\t\t<div class=\"elementor-post__card\">\n\t\t\t\t<a class=\"elementor-post__thumbnail__link\" href=\"https:\/\/vintagesex.cz\/cs\/sweet-angels-anal-mission\/\" tabindex=\"-1\" ><div class=\"elementor-post__thumbnail\"><img fetchpriority=\"high\" decoding=\"async\" width=\"768\" height=\"432\" src=\"https:\/\/vintagesex.cz\/wp-content\/uploads\/2022\/03\/anal-mission-cover-copy-768x432.webp\" class=\"attachment-medium_large size-medium_large wp-image-5824\" alt=\"\" srcset=\"https:\/\/vintagesex.cz\/wp-content\/uploads\/2022\/03\/anal-mission-cover-copy-768x432.webp 768w, https:\/\/vintagesex.cz\/wp-content\/uploads\/2022\/03\/anal-mission-cover-copy-300x169.webp 300w, https:\/\/vintagesex.cz\/wp-content\/uploads\/2022\/03\/anal-mission-cover-copy-1024x576.webp 1024w, https:\/\/vintagesex.cz\/wp-content\/uploads\/2022\/03\/anal-mission-cover-copy-150x84.webp 150w, https:\/\/vintagesex.cz\/wp-content\/uploads\/2022\/03\/anal-mission-cover-copy-18x10.webp 18w, https:\/\/vintagesex.cz\/wp-content\/uploads\/2022\/03\/anal-mission-cover-copy.webp 1333w\" sizes=\"(max-width: 768px) 100vw, 768px\" title=\"\"><\/div><\/a>\n\t\t\t\t<div class=\"elementor-post__text\">\n\t\t\t\t<h3 class=\"elementor-post__title\">\n\t\t\t<a href=\"https:\/\/vintagesex.cz\/cs\/sweet-angels-anal-mission\/\" >\n\t\t\t\tSladc\u00ed and\u011bl\u00e9 An\u00e1ln\u00ed mise\t\t\t<\/a>\n\t\t<\/h3>\n\t\t\t\t<\/div>\n\t\t\t\t\t<\/div>\n\t\t<\/article>\n\t\t\t\t<article class=\"elementor-post elementor-grid-item post-5859 post type-post status-publish format-standard has-post-thumbnail hentry category-klarisa-leone category-anastasia-devine category-hd-porn category-kamil-klein category-kristine-cristalys category-martin-gun category-neeo category-serie tag-anastasia-devine tag-bella-morgan tag-cynthia-vellons tag-kamil-klein tag-klarissa-leone tag-kristine-crystalis tag-martin-gun tag-neeo tag-nikky-sweet tag-tarzan\">\n\t\t\t<div class=\"elementor-post__card\">\n\t\t\t\t<a class=\"elementor-post__thumbnail__link\" href=\"https:\/\/vintagesex.cz\/cs\/sweet-angels-golden-ass\/\" tabindex=\"-1\" ><div class=\"elementor-post__thumbnail\"><img decoding=\"async\" width=\"768\" height=\"432\" src=\"https:\/\/vintagesex.cz\/wp-content\/uploads\/2022\/03\/anal-mission-2-cover-copy-768x432.webp\" class=\"attachment-medium_large size-medium_large wp-image-5858\" alt=\"\" srcset=\"https:\/\/vintagesex.cz\/wp-content\/uploads\/2022\/03\/anal-mission-2-cover-copy-768x432.webp 768w, https:\/\/vintagesex.cz\/wp-content\/uploads\/2022\/03\/anal-mission-2-cover-copy-300x169.webp 300w, https:\/\/vintagesex.cz\/wp-content\/uploads\/2022\/03\/anal-mission-2-cover-copy-1024x576.webp 1024w, https:\/\/vintagesex.cz\/wp-content\/uploads\/2022\/03\/anal-mission-2-cover-copy-150x84.webp 150w, https:\/\/vintagesex.cz\/wp-content\/uploads\/2022\/03\/anal-mission-2-cover-copy-18x10.webp 18w, https:\/\/vintagesex.cz\/wp-content\/uploads\/2022\/03\/anal-mission-2-cover-copy.webp 1333w\" sizes=\"(max-width: 768px) 100vw, 768px\" title=\"\"><\/div><\/a>\n\t\t\t\t<div class=\"elementor-post__text\">\n\t\t\t\t<h3 class=\"elementor-post__title\">\n\t\t\t<a href=\"https:\/\/vintagesex.cz\/cs\/sweet-angels-golden-ass\/\" >\n\t\t\t\tSladc\u00ed and\u011bl\u00e9 Zlat\u00fd zadek\t\t\t<\/a>\n\t\t<\/h3>\n\t\t\t\t<\/div>\n\t\t\t\t\t<\/div>\n\t\t<\/article>\n\t\t\t\t<article class=\"elementor-post elementor-grid-item post-5982 post type-post status-publish format-standard has-post-thumbnail hentry category-kate category-hd-porn category-kamil-klein category-lena-cova category-neeo category-serie category-steve-q tag-frankie tag-kamil-klein tag-kate tag-kitty-jane tag-lena-cova tag-martin-gun tag-melissa-ria tag-neeo tag-steve-q\">\n\t\t\t<div class=\"elementor-post__card\">\n\t\t\t\t<a class=\"elementor-post__thumbnail__link\" href=\"https:\/\/vintagesex.cz\/cs\/sweet-angels-anal-mission-3\/\" tabindex=\"-1\" ><div class=\"elementor-post__thumbnail\"><img decoding=\"async\" width=\"768\" height=\"432\" src=\"https:\/\/vintagesex.cz\/wp-content\/uploads\/2022\/03\/sweet-angel-anal-mission-3-768x432.jpg\" class=\"attachment-medium_large size-medium_large wp-image-5984\" alt=\"\" srcset=\"https:\/\/vintagesex.cz\/wp-content\/uploads\/2022\/03\/sweet-angel-anal-mission-3-768x432.jpg 768w, https:\/\/vintagesex.cz\/wp-content\/uploads\/2022\/03\/sweet-angel-anal-mission-3-300x169.jpg 300w, https:\/\/vintagesex.cz\/wp-content\/uploads\/2022\/03\/sweet-angel-anal-mission-3-1024x576.jpg 1024w, https:\/\/vintagesex.cz\/wp-content\/uploads\/2022\/03\/sweet-angel-anal-mission-3-20x11.jpg 20w, https:\/\/vintagesex.cz\/wp-content\/uploads\/2022\/03\/sweet-angel-anal-mission-3-50x28.jpg 50w, https:\/\/vintagesex.cz\/wp-content\/uploads\/2022\/03\/sweet-angel-anal-mission-3-100x56.jpg 100w, https:\/\/vintagesex.cz\/wp-content\/uploads\/2022\/03\/sweet-angel-anal-mission-3-600x338.jpg 600w, https:\/\/vintagesex.cz\/wp-content\/uploads\/2022\/03\/sweet-angel-anal-mission-3.jpg 1333w\" sizes=\"(max-width: 768px) 100vw, 768px\" title=\"\"><\/div><\/a>\n\t\t\t\t<div class=\"elementor-post__text\">\n\t\t\t\t<h3 class=\"elementor-post__title\">\n\t\t\t<a href=\"https:\/\/vintagesex.cz\/cs\/sweet-angels-anal-mission-3\/\" >\n\t\t\t\tSladc\u00ed and\u011bl\u00e9 An\u00e1ln\u00ed mise 3\t\t\t<\/a>\n\t\t<\/h3>\n\t\t\t\t<\/div>\n\t\t\t\t\t<\/div>\n\t\t<\/article>\n\t\t\t\t<article class=\"elementor-post elementor-grid-item post-8487 post type-post status-publish format-standard has-post-thumbnail hentry category-bibi-fox-en category-cynthia-vellons category-hd-porn category-klarisa-leone category-kristine-cristalys category-serie category-steve-q category-tarzan tag-bibi-fox tag-bob tag-cynthia-vellons tag-klarisa-leone tag-kristine-crystalis tag-steve-q tag-tarzan\">\n\t\t\t<div class=\"elementor-post__card\">\n\t\t\t\t<a class=\"elementor-post__thumbnail__link\" href=\"https:\/\/vintagesex.cz\/cs\/sweet-angels-anal-mission-4\/\" tabindex=\"-1\" ><div class=\"elementor-post__thumbnail\"><img loading=\"lazy\" decoding=\"async\" width=\"768\" height=\"432\" src=\"https:\/\/vintagesex.cz\/wp-content\/uploads\/2022\/06\/anal-mission-4-cover-copy-2-768x432.webp\" class=\"attachment-medium_large size-medium_large wp-image-8491\" alt=\"\" srcset=\"https:\/\/vintagesex.cz\/wp-content\/uploads\/2022\/06\/anal-mission-4-cover-copy-2-768x432.webp 768w, https:\/\/vintagesex.cz\/wp-content\/uploads\/2022\/06\/anal-mission-4-cover-copy-2-300x169.webp 300w, https:\/\/vintagesex.cz\/wp-content\/uploads\/2022\/06\/anal-mission-4-cover-copy-2-1024x576.webp 1024w, https:\/\/vintagesex.cz\/wp-content\/uploads\/2022\/06\/anal-mission-4-cover-copy-2-150x84.webp 150w, https:\/\/vintagesex.cz\/wp-content\/uploads\/2022\/06\/anal-mission-4-cover-copy-2-18x10.webp 18w, https:\/\/vintagesex.cz\/wp-content\/uploads\/2022\/06\/anal-mission-4-cover-copy-2.webp 1333w\" sizes=\"(max-width: 768px) 100vw, 768px\" title=\"\"><\/div><\/a>\n\t\t\t\t<div class=\"elementor-post__text\">\n\t\t\t\t<h3 class=\"elementor-post__title\">\n\t\t\t<a href=\"https:\/\/vintagesex.cz\/cs\/sweet-angels-anal-mission-4\/\" >\n\t\t\t\tSladc\u00ed and\u011bl\u00e9 An\u00e1ln\u00ed mise 4\t\t\t<\/a>\n\t\t<\/h3>\n\t\t\t\t<\/div>\n\t\t\t\t\t<\/div>\n\t\t<\/article>\n\t\t\t\t<article class=\"elementor-post elementor-grid-item post-8503 post type-post status-publish format-standard has-post-thumbnail hentry category-sarah-blue category-cynthia-vellons category-hd-porn category-kristine-cristalys category-serie category-tarzan category-tera-joy tag-bob tag-cynthia-vellons tag-kamil-klein tag-kristine-crystalis tag-martin-gun tag-sarah-blue tag-tarzan tag-tera-joy\">\n\t\t\t<div class=\"elementor-post__card\">\n\t\t\t\t<a class=\"elementor-post__thumbnail__link\" href=\"https:\/\/vintagesex.cz\/cs\/sweet-angels-anal-mission-5\/\" tabindex=\"-1\" ><div class=\"elementor-post__thumbnail\"><img loading=\"lazy\" decoding=\"async\" width=\"768\" height=\"432\" src=\"https:\/\/vintagesex.cz\/wp-content\/uploads\/2022\/06\/anal-mission-5-cover-copy-768x432.webp\" class=\"attachment-medium_large size-medium_large wp-image-8502\" alt=\"\" srcset=\"https:\/\/vintagesex.cz\/wp-content\/uploads\/2022\/06\/anal-mission-5-cover-copy-768x432.webp 768w, https:\/\/vintagesex.cz\/wp-content\/uploads\/2022\/06\/anal-mission-5-cover-copy-300x169.webp 300w, https:\/\/vintagesex.cz\/wp-content\/uploads\/2022\/06\/anal-mission-5-cover-copy-1024x576.webp 1024w, https:\/\/vintagesex.cz\/wp-content\/uploads\/2022\/06\/anal-mission-5-cover-copy-150x84.webp 150w, https:\/\/vintagesex.cz\/wp-content\/uploads\/2022\/06\/anal-mission-5-cover-copy-18x10.webp 18w, https:\/\/vintagesex.cz\/wp-content\/uploads\/2022\/06\/anal-mission-5-cover-copy.webp 1333w\" sizes=\"(max-width: 768px) 100vw, 768px\" title=\"\"><\/div><\/a>\n\t\t\t\t<div class=\"elementor-post__text\">\n\t\t\t\t<h3 class=\"elementor-post__title\">\n\t\t\t<a href=\"https:\/\/vintagesex.cz\/cs\/sweet-angels-anal-mission-5\/\" >\n\t\t\t\tSladc\u00ed and\u011bl\u00e9 An\u00e1ln\u00ed mise 5\t\t\t<\/a>\n\t\t<\/h3>\n\t\t\t\t<\/div>\n\t\t\t\t\t<\/div>\n\t\t<\/article>\n\t\t\t\t<\/div>\n\t\t\n\t\t\t\t\t\t<\/div>\n\t\t\t\t<\/div>\n\t\t\t\t\t<\/div>\n\t\t\t\t<\/div>\n\t\t\t\t<\/div>","protected":false},"excerpt":{"rendered":"","protected":false},"author":454,"featured_media":0,"parent":8526,"menu_order":0,"comment_status":"closed","ping_status":"closed","template":"elementor_header_footer","meta":{"jetpack_post_was_ever_published":false,"footnotes":""},"class_list":["post-18014","page","type-page","status-publish","hentry"],"jetpack_shortlink":"https:\/\/wp.me\/PcNDQq-4Gy","jetpack_sharing_enabled":true,"_links":{"self":[{"href":"https:\/\/vintagesex.cz\/cs\/wp-json\/wp\/v2\/pages\/18014","targetHints":{"allow":["GET"]}}],"collection":[{"href":"https:\/\/vintagesex.cz\/cs\/wp-json\/wp\/v2\/pages"}],"about":[{"href":"https:\/\/vintagesex.cz\/cs\/wp-json\/wp\/v2\/types\/page"}],"author":[{"embeddable":true,"href":"https:\/\/vintagesex.cz\/cs\/wp-json\/wp\/v2\/users\/454"}],"replies":[{"embeddable":true,"href":"https:\/\/vintagesex.cz\/cs\/wp-json\/wp\/v2\/comments?post=18014"}],"version-history":[{"count":0,"href":"https:\/\/vintagesex.cz\/cs\/wp-json\/wp\/v2\/pages\/18014\/revisions"}],"up":[{"embeddable":true,"href":"https:\/\/vintagesex.cz\/cs\/wp-json\/wp\/v2\/pages\/8526"}],"wp:attachment":[{"href":"https:\/\/vintagesex.cz\/cs\/wp-json\/wp\/v2\/media?parent=18014"}],"curies":[{"name":"wp","href":"https:\/\/api.w.org\/{rel}","templated":true}]}}